{"id":63,"date":"2025-06-10T10:48:50","date_gmt":"2025-06-10T08:48:50","guid":{"rendered":"https:\/\/stopdna.eu\/?page_id=63"},"modified":"2025-06-13T20:54:11","modified_gmt":"2025-06-13T18:54:11","slug":"home","status":"publish","type":"page","link":"https:\/\/stopdna.eu\/it\/","title":{"rendered":"Home"},"content":{"rendered":"<div data-elementor-type=\"wp-page\" data-elementor-id=\"63\" class=\"elementor elementor-63\" data-elementor-post-type=\"page\">\n\t\t\t\t<div class=\"elementor-element elementor-element-5aeeee8 e-con-full e-flex e-con e-parent\" data-id=\"5aeeee8\" data-element_type=\"container\" data-settings=\"{&quot;background_background&quot;:&quot;classic&quot;}\">\n\t\t<div class=\"elementor-element elementor-element-a2d648f e-con-full elementor-hidden-tablet elementor-hidden-mobile e-flex e-con e-child\" data-id=\"a2d648f\" data-element_type=\"container\" data-settings=\"{&quot;background_background&quot;:&quot;classic&quot;}\">\n\t\t\t\t<\/div>\n\t\t<div class=\"elementor-element elementor-element-4773fb7 e-con-full e-flex e-con e-child\" data-id=\"4773fb7\" data-element_type=\"container\">\n\t\t\t\t<div class=\"elementor-element elementor-element-e8f1b6d elementor-widget elementor-widget-text-editor\" data-id=\"e8f1b6d\" data-element_type=\"widget\" data-widget_type=\"text-editor.default\">\n\t\t\t\t\t\t\t\t\t<h1 class=\"translation-block\">Internet <br> in Europa \u00e8 sotto<br>attacco.<\/h1>\t\t\t\t\t\t\t\t<\/div>\n\t\t\t\t<\/div>\n\t\t<div class=\"elementor-element elementor-element-1ebedbf e-con-full e-flex e-con e-child\" data-id=\"1ebedbf\" data-element_type=\"container\">\n\t\t\t\t<div class=\"elementor-element elementor-element-cfb5f2e elementor-widget elementor-widget-text-editor\" data-id=\"cfb5f2e\" data-element_type=\"widget\" data-widget_type=\"text-editor.default\">\n\t\t\t\t\t\t\t\t\t<p class=\"translation-block\">Il Digital Networks Act \u00e8 un cavallo di Troia:\nuccider\u00e0 la concorrenza, aumenter\u00e0 i prezzi e metter\u00e0 Internet nelle mani di pochi colossi finanziari<\/p>\t\t\t\t\t\t\t\t<\/div>\n\t\t\t\t<\/div>\n\t\t<div class=\"elementor-element elementor-element-230476f e-con-full elementor-hidden-tablet elementor-hidden-mobile e-flex e-con e-child\" data-id=\"230476f\" data-element_type=\"container\" data-settings=\"{&quot;background_background&quot;:&quot;classic&quot;}\">\n\t\t\t\t<\/div>\n\t\t\t\t<\/div>\n\t\t<div class=\"elementor-element elementor-element-e1f2e5f e-flex e-con-boxed e-con e-parent\" data-id=\"e1f2e5f\" data-element_type=\"container\">\n\t\t\t\t\t<div class=\"e-con-inner\">\n\t\t<div class=\"elementor-element elementor-element-3ca04bf e-con-full e-flex e-con e-child\" data-id=\"3ca04bf\" data-element_type=\"container\">\n\t\t\t\t<div class=\"elementor-element elementor-element-b0f45d7 elementor-widget elementor-widget-text-editor\" data-id=\"b0f45d7\" data-element_type=\"widget\" data-widget_type=\"text-editor.default\">\n\t\t\t\t\t\t\t\t\t<h1>Cosa \u00e8 a rischio?<\/h1>\t\t\t\t\t\t\t\t<\/div>\n\t\t\t\t<div class=\"elementor-element elementor-element-0cb09af elementor-widget elementor-widget-text-editor\" data-id=\"0cb09af\" data-element_type=\"widget\" data-widget_type=\"text-editor.default\">\n\t\t\t\t\t\t\t\t\t<ul><li class=\"translation-block\"><strong>30 anni di mercato aperto verranno distrutti <\/strong><\/li><li><strong>ISP indipendenti costretti a chiudere<\/strong><\/li><li><strong>3-4 mega-operatori che comanderanno su tutti<\/strong><\/li><li><strong>nessuna via di fuga per cittadini e imprese<\/strong><\/li><\/ul><p><strong style=\"border-left: 5px solid #ee0100; display: block; padding-left: 10px;\"><br \/>Non si tratta di \u201cmodernizzazione\u201d<br \/><a href=\"https:\/\/stopdna.eu\/it\/breaking-news\/\">Si tratta di CONTROLLO. POTERE. DENARO<\/a><\/strong><\/p>\t\t\t\t\t\t\t\t<\/div>\n\t\t\t\t<\/div>\n\t\t<div class=\"elementor-element elementor-element-4a679f2 e-con-full e-flex e-con e-child\" data-id=\"4a679f2\" data-element_type=\"container\">\n\t\t\t\t<div class=\"elementor-element elementor-element-8b57d2b elementor-widget elementor-widget-text-editor\" data-id=\"8b57d2b\" data-element_type=\"widget\" data-widget_type=\"text-editor.default\">\n\t\t\t\t\t\t\t\t\t<h1>SERVE AGIRE ORA<\/h1>\t\t\t\t\t\t\t\t<\/div>\n\t\t\t\t<div class=\"elementor-element elementor-element-241fcc5 elementor-widget elementor-widget-text-editor\" data-id=\"241fcc5\" data-element_type=\"widget\" data-widget_type=\"text-editor.default\">\n\t\t\t\t\t\t\t\t\t<ul><li><strong>sostieni il tuo Internet Provider locale<\/strong><\/li><li><strong>lotta per la libert\u00e0 di Internet in Europa<\/strong><\/li><\/ul>\t\t\t\t\t\t\t\t<\/div>\n\t\t<div class=\"elementor-element elementor-element-7d209e0 e-grid e-con-full e-con e-child\" data-id=\"7d209e0\" data-element_type=\"container\">\n\t\t\t\t<div class=\"elementor-element elementor-element-b092560 elementor-widget elementor-widget-text-editor\" data-id=\"b092560\" data-element_type=\"widget\" data-widget_type=\"text-editor.default\">\n\t\t\t\t\t\t\t\t\t<p class=\"translation-block\"><a class=\"pulseBT\" href=\"https:\/\/stopdna.eu\/it\/join-the-campaign\/\" target=\"_self\">ADERISCI<br>ALLA CAMPAGNA<\/a><\/p>\t\t\t\t\t\t\t\t<\/div>\n\t\t\t\t<div class=\"elementor-element elementor-element-e32774c elementor-widget elementor-widget-text-editor\" data-id=\"e32774c\" data-element_type=\"widget\" data-widget_type=\"text-editor.default\">\n\t\t\t\t\t\t\t\t\t<p><a class=\"pulseBT\" href=\"https:\/\/stopdna.eu\/it\/tell-the-eu-what-you-think\/\">FAI SAPERE ALL'UE COSA NE PENSI<\/a><\/p>\t\t\t\t\t\t\t\t<\/div>\n\t\t\t\t<\/div>\n\t\t\t\t<\/div>\n\t\t\t\t\t<\/div>\n\t\t\t\t<\/div>\n\t\t\t\t<\/div>","protected":false},"excerpt":{"rendered":"<p>The EuropeanInternet is under attack. The Digital Networks Act is a Trojan Horse: it will kill competition, increase prices, and put the Internet in the hands of a few financial giants. What\u2019s at risk? 30 years of open market destroyed independent ISPs forced to shut down 3-4 mega-operators to rule them all no escape for [&hellip;]<\/p>","protected":false},"author":2,"featured_media":0,"parent":0,"menu_order":0,"comment_status":"closed","ping_status":"closed","template":"","meta":{"footnotes":""},"class_list":["post-63","page","type-page","status-publish","hentry"],"yoast_head":"<!-- This site is optimized with the Yoast SEO plugin v26.8 - https:\/\/yoast.com\/product\/yoast-seo-wordpress\/ -->\n<title>Home - StopDNA<\/title>\n<meta name=\"robots\" content=\"index, follow, max-snippet:-1, max-image-preview:large, max-video-preview:-1\" \/>\n<link rel=\"canonical\" href=\"https:\/\/stopdna.eu\/it\/\" \/>\n<meta property=\"og:locale\" content=\"it_IT\" \/>\n<meta property=\"og:type\" content=\"article\" \/>\n<meta property=\"og:title\" content=\"Home - StopDNA\" \/>\n<meta property=\"og:description\" content=\"The EuropeanInternet is under attack. The Digital Networks Act is a Trojan Horse: it will kill competition, increase prices, and put the Internet in the hands of a few financial giants. What\u2019s at risk? 30 years of open market destroyed independent ISPs forced to shut down 3-4 mega-operators to rule them all no escape for [&hellip;]\" \/>\n<meta property=\"og:url\" content=\"https:\/\/stopdna.eu\/it\/\" \/>\n<meta property=\"og:site_name\" content=\"StopDNA\" \/>\n<meta property=\"article:modified_time\" content=\"2025-06-13T18:54:11+00:00\" \/>\n<meta name=\"twitter:card\" content=\"summary_large_image\" \/>\n<meta name=\"twitter:label1\" content=\"Tempo di lettura stimato\" \/>\n\t<meta name=\"twitter:data1\" content=\"1 minuto\" \/>\n<script type=\"application\/ld+json\" class=\"yoast-schema-graph\">{\"@context\":\"https:\/\/schema.org\",\"@graph\":[{\"@type\":\"WebPage\",\"@id\":\"https:\/\/stopdna.eu\/\",\"url\":\"https:\/\/stopdna.eu\/\",\"name\":\"Home - StopDNA\",\"isPartOf\":{\"@id\":\"https:\/\/stopdna.eu\/#website\"},\"datePublished\":\"2025-06-10T08:48:50+00:00\",\"dateModified\":\"2025-06-13T18:54:11+00:00\",\"breadcrumb\":{\"@id\":\"https:\/\/stopdna.eu\/#breadcrumb\"},\"inLanguage\":\"it-IT\",\"potentialAction\":[{\"@type\":\"ReadAction\",\"target\":[\"https:\/\/stopdna.eu\/\"]}]},{\"@type\":\"BreadcrumbList\",\"@id\":\"https:\/\/stopdna.eu\/#breadcrumb\",\"itemListElement\":[{\"@type\":\"ListItem\",\"position\":1,\"name\":\"Home\",\"item\":\"https:\/\/stopdna.eu\/\"},{\"@type\":\"ListItem\",\"position\":2,\"name\":\"Home\"}]},{\"@type\":\"WebSite\",\"@id\":\"https:\/\/stopdna.eu\/#website\",\"url\":\"https:\/\/stopdna.eu\/\",\"name\":\"StopDNA\",\"description\":\"\",\"publisher\":{\"@id\":\"https:\/\/stopdna.eu\/#organization\"},\"potentialAction\":[{\"@type\":\"SearchAction\",\"target\":{\"@type\":\"EntryPoint\",\"urlTemplate\":\"https:\/\/stopdna.eu\/?s={search_term_string}\"},\"query-input\":{\"@type\":\"PropertyValueSpecification\",\"valueRequired\":true,\"valueName\":\"search_term_string\"}}],\"inLanguage\":\"it-IT\"},{\"@type\":\"Organization\",\"@id\":\"https:\/\/stopdna.eu\/#organization\",\"name\":\"StopDNA\",\"url\":\"https:\/\/stopdna.eu\/\",\"logo\":{\"@type\":\"ImageObject\",\"inLanguage\":\"it-IT\",\"@id\":\"https:\/\/stopdna.eu\/#\/schema\/logo\/image\/\",\"url\":\"https:\/\/stopdna.eu\/wp-content\/uploads\/2025\/06\/DNA_logo-272x300-1.png\",\"contentUrl\":\"https:\/\/stopdna.eu\/wp-content\/uploads\/2025\/06\/DNA_logo-272x300-1.png\",\"width\":1134,\"height\":1250,\"caption\":\"StopDNA\"},\"image\":{\"@id\":\"https:\/\/stopdna.eu\/#\/schema\/logo\/image\/\"}}]}<\/script>\n<!-- \/ Yoast SEO plugin. -->","yoast_head_json":{"title":"Home - StopDNA","robots":{"index":"index","follow":"follow","max-snippet":"max-snippet:-1","max-image-preview":"max-image-preview:large","max-video-preview":"max-video-preview:-1"},"canonical":"https:\/\/stopdna.eu\/it\/","og_locale":"it_IT","og_type":"article","og_title":"Home - StopDNA","og_description":"The EuropeanInternet is under attack. The Digital Networks Act is a Trojan Horse: it will kill competition, increase prices, and put the Internet in the hands of a few financial giants. What\u2019s at risk? 30 years of open market destroyed independent ISPs forced to shut down 3-4 mega-operators to rule them all no escape for [&hellip;]","og_url":"https:\/\/stopdna.eu\/it\/","og_site_name":"StopDNA","article_modified_time":"2025-06-13T18:54:11+00:00","twitter_card":"summary_large_image","twitter_misc":{"Tempo di lettura stimato":"1 minuto"},"schema":{"@context":"https:\/\/schema.org","@graph":[{"@type":"WebPage","@id":"https:\/\/stopdna.eu\/","url":"https:\/\/stopdna.eu\/","name":"Home - StopDNA","isPartOf":{"@id":"https:\/\/stopdna.eu\/#website"},"datePublished":"2025-06-10T08:48:50+00:00","dateModified":"2025-06-13T18:54:11+00:00","breadcrumb":{"@id":"https:\/\/stopdna.eu\/#breadcrumb"},"inLanguage":"it-IT","potentialAction":[{"@type":"ReadAction","target":["https:\/\/stopdna.eu\/"]}]},{"@type":"BreadcrumbList","@id":"https:\/\/stopdna.eu\/#breadcrumb","itemListElement":[{"@type":"ListItem","position":1,"name":"Home","item":"https:\/\/stopdna.eu\/"},{"@type":"ListItem","position":2,"name":"Home"}]},{"@type":"WebSite","@id":"https:\/\/stopdna.eu\/#website","url":"https:\/\/stopdna.eu\/","name":"StopDNA","description":"","publisher":{"@id":"https:\/\/stopdna.eu\/#organization"},"potentialAction":[{"@type":"SearchAction","target":{"@type":"EntryPoint","urlTemplate":"https:\/\/stopdna.eu\/?s={search_term_string}"},"query-input":{"@type":"PropertyValueSpecification","valueRequired":true,"valueName":"search_term_string"}}],"inLanguage":"it-IT"},{"@type":"Organization","@id":"https:\/\/stopdna.eu\/#organization","name":"StopDNA","url":"https:\/\/stopdna.eu\/","logo":{"@type":"ImageObject","inLanguage":"it-IT","@id":"https:\/\/stopdna.eu\/#\/schema\/logo\/image\/","url":"https:\/\/stopdna.eu\/wp-content\/uploads\/2025\/06\/DNA_logo-272x300-1.png","contentUrl":"https:\/\/stopdna.eu\/wp-content\/uploads\/2025\/06\/DNA_logo-272x300-1.png","width":1134,"height":1250,"caption":"StopDNA"},"image":{"@id":"https:\/\/stopdna.eu\/#\/schema\/logo\/image\/"}}]}},"_links":{"self":[{"href":"https:\/\/stopdna.eu\/it\/wp-json\/wp\/v2\/pages\/63","targetHints":{"allow":["GET"]}}],"collection":[{"href":"https:\/\/stopdna.eu\/it\/wp-json\/wp\/v2\/pages"}],"about":[{"href":"https:\/\/stopdna.eu\/it\/wp-json\/wp\/v2\/types\/page"}],"author":[{"embeddable":true,"href":"https:\/\/stopdna.eu\/it\/wp-json\/wp\/v2\/users\/2"}],"replies":[{"embeddable":true,"href":"https:\/\/stopdna.eu\/it\/wp-json\/wp\/v2\/comments?post=63"}],"version-history":[{"count":183,"href":"https:\/\/stopdna.eu\/it\/wp-json\/wp\/v2\/pages\/63\/revisions"}],"predecessor-version":[{"id":1325,"href":"https:\/\/stopdna.eu\/it\/wp-json\/wp\/v2\/pages\/63\/revisions\/1325"}],"wp:attachment":[{"href":"https:\/\/stopdna.eu\/it\/wp-json\/wp\/v2\/media?parent=63"}],"curies":[{"name":"wp","href":"https:\/\/api.w.org\/{rel}","templated":true}]}}