{"id":249,"date":"2025-06-10T14:57:42","date_gmt":"2025-06-10T12:57:42","guid":{"rendered":"https:\/\/stopdna.eu\/?page_id=249"},"modified":"2025-06-13T16:24:12","modified_gmt":"2025-06-13T14:24:12","slug":"eu-documents-hidden-agenda","status":"publish","type":"page","link":"https:\/\/stopdna.eu\/it\/eu-documents-hidden-agenda\/","title":{"rendered":"DOCUMENTI UE E AGENDA NASCOSTA"},"content":{"rendered":"<div data-elementor-type=\"wp-page\" data-elementor-id=\"249\" class=\"elementor elementor-249\" data-elementor-post-type=\"page\">\n\t\t\t\t<div class=\"elementor-element elementor-element-a198680 e-flex e-con-boxed e-con e-parent\" data-id=\"a198680\" data-element_type=\"container\">\n\t\t\t\t\t<div class=\"e-con-inner\">\n\t\t\t\t<div class=\"elementor-element elementor-element-d295996 elementor-widget elementor-widget-heading\" data-id=\"d295996\" data-element_type=\"widget\" data-widget_type=\"heading.default\">\n\t\t\t\t\t<h2 class=\"elementor-heading-title elementor-size-default\">DOCUMENTI UE E AGENDA NASCOSTA<\/h2>\t\t\t\t<\/div>\n\t\t\t\t\t<\/div>\n\t\t\t\t<\/div>\n\t\t<div class=\"elementor-element elementor-element-d8e4be2 e-flex e-con-boxed e-con e-parent\" data-id=\"d8e4be2\" data-element_type=\"container\">\n\t\t\t\t\t<div class=\"e-con-inner\">\n\t\t\t\t<div class=\"elementor-element elementor-element-985856d elementor-widget elementor-widget-text-editor\" data-id=\"985856d\" data-element_type=\"widget\" data-widget_type=\"text-editor.default\">\n\t\t\t\t\t\t\t\t\t<p class=\"translation-block\"><strong>Il DNA viene presentato come una \u201criforma\u201d innocua.<\/strong><br><strong>In realt\u00e0, fa parte di una strategia pi\u00f9 ampia per concentrare il potere e cancellare 30 anni di competizione e sovranit\u00e0.<\/strong><\/p><p class=\"translation-block\">Riportiamo di seguito i <strong>documenti, i rapporti e le dichiarazioni chiave<\/strong> che rivelano la vera agenda dietro il DNA.<\/p><p><strong>Leggili. Diffondi la notizia. Prendi condapevolezza della minaccia.<\/strong><\/p><p>DOCUMENTI FONDAMENTALI<\/p><p>1. Legge sulle reti digitali (DNA)<\/p><p class=\"translation-block\"><em>La proposta di DNA proposta dalla Commissione Europea \u00e8 attesa per Dicembre 2025.<\/em><br><strong>Un piano per centralizzare i poteri normativi e concentrare il controllo del mercato.<\/strong><br><em>In arrivo a Dicembre 2025<\/em><\/p><p>\u00a0<\/p><p>2. Consultazione pubblica \"Fai sapere cosa ne pensi\" - Digital Networks Act<\/p><p><a href=\"https:\/\/ec.europa.eu\/info\/law\/better-regulation\/have-your-say\/initiatives\/14709-Digital-Networks-Act_it\"><strong>Fai sapere cosa ne pensi<\/strong><\/a><br \/><em>Data ultima per l\u2019invio di contributi: 11 Luglio 2025<\/em><\/p><p>\u00a0<\/p><p>3.\tRapporto Enrico Letta - \u201cMolto pi\u00f9 di un mercato\u201d (Aprile 2024)<\/p><p class=\"translation-block\"><em>Una visione apertamente oligopolistica per il settore delle telecomunicazioni in Europa, che suggerisce che 2-3 operatori dovrebbero controllare l'infrastruttura.<\/em><br><strong>Un progetto di concentrazione del mercato che ignora il valore del pluralismo.<\/strong><\/p><p><a href=\"https:\/\/european-research-area.ec.europa.eu\/sites\/default\/files\/documents\/2024-05\/LETTA%20Report%20-%20Much%20more%20than%20a%20market_April%202024.pdf\"><strong>Link al report Letta<\/strong><\/a><\/p><p>\u00a0<\/p><p>4. Rapporto Mario Draghi \u2014 \u201cCompetitivit\u00e0 dell\u2019Unione Europea\u201d (Settembre 2024)<\/p><p><em>Un altro documento che chiede apertamente di rimodellare radicalmente i mercati delle telecomunicazioni per favorire i grandi operatori paneuropei.<br \/><\/em><strong>Un completo tradimento delle politiche storiche dell'UE in materia di telecomunicazioni.<\/strong><\/p><p><a href=\"https:\/\/commission.europa.eu\/document\/download\/ec1409c1-d4b4-4882-8bdd-3519f86bbb92_en?filename=The%20future%20of%20European%20competitiveness_%20In-depth%20analysis%20and%20recommendations_0.pdf\"><strong>Link al report di Draghi<\/strong><\/a><\/p><p>\u00a0<\/p><p>5. Dichiarazioni del Commissario Thierry Breton<\/p><p class=\"translation-block\"><em>Numerose dichiarazioni pubbliche di Breton, che sostiene i \u201ccampioni europei\u201d ed esprime ostilit\u00e0 nei confronti del pluralismo infrastrutturale.<\/em><br><strong>Prova di allineamento politico con gli interessi delle grandi telco.<\/strong><\/p><ol><li><strong><a href=\"https:\/\/ec.europa.eu\/commission\/presscorner\/detail\/en\/ip_24_941\">Dichiarazioni\/interventi<\/a><\/strong><\/li><li><a href=\"https:\/\/www.linkedin.com\/pulse\/digital-networks-act-redefine-dna-our-telecoms-thierry-breton\"><strong>Dichiarazioni\/interventi<\/strong><\/a><\/li><li><a href=\"https:\/\/ec.europa.eu\/commission\/presscorner\/detail\/en\/speech_24_1101\"><strong>Dichiarazioni\/interventi<\/strong><\/a><\/li><li><a href=\"https:\/\/www.politico.eu\/article\/thierry-breton-europes-big-players-wont-crush-the-little-guys\/\"><strong>Dichiarazioni\/interventi<\/strong><\/a><\/li><\/ol><p>\u00a0<\/p><p>6. Notizie dalla Commissione europea<\/p><p><em>Note e articoli che mostrano la potenziale struttura del DNA: la \u201csemplificazione\u201d usata come pretesto per la concentrazione.<\/em><\/p><p><a href=\"https:\/\/www.euractiv.com\/section\/politics\/news\/exclusive-commission-reassures-the-council-over-telecom-rules-overhaul\/\"><strong>La Commissione rassicura il Consiglio sulla revisione delle norme sulle telecomunicazioni<\/strong><\/a><\/p><p><a href=\"https:\/\/www.europarl.europa.eu\/RegData\/etudes\/BRIE\/2025\/772864\/EPRS_BRI(2025)772864_EN.pdf\"><strong>Briefing del Servizio Ricerche del Parlamento Europeo<\/strong><\/a><\/p><p>\u00a0<\/p><p>7. Attacco al regolamento sull'Open Internet (UE 2015\/2120)<\/p><p class=\"translation-block\"><em>La cosiddetta \u201crevisione\u201d del regolamento sull'Open Internet \u00e8 in realt\u00e0 un tentativo di smantellare i principi della neutralit\u00e0 della rete.<\/em><br>L'obiettivo \u00e8 chiaro:<\/p><ul><li>consentire la discriminazione del traffico<\/li><li>dare la priorit\u00e0 al pagamento<\/li><li>legalizzare la misurazione del traffico e i modelli pay-per-use<\/li><li>aprire la strada a costi pi\u00f9 elevati per tutti i servizi.<\/li><\/ul><p><strong>Un'azione coordinata per trasformare Internet in un sistema a pagamento e basato sui privilegi.<\/strong><\/p><p class=\"translation-block\"><a href=\"https:\/\/eur-lex.europa.eu\/legal-content\/IT\/TXT\/?uri=celex:32015R2120\" target=\"_self\"><strong>Regolamento sull\u2019Open Internet<\/strong><\/a><\/p><p>\u00a0<\/p><p>8. \u201cRiforma\u201d del controllo delle concentrazioni (Merger Control \"Reform\") - Progettata per facilitare le mega-fusioni<\/p><p><em>Con il pretesto di \u201ccostruire campioni europei\u201d, le autorit\u00e0 dell'UE stanno spingendo per un ammorbidimento delle regole di controllo delle fusioni nel settore delle telecomunicazioni.<\/em><\/p><p>Obiettivi:<\/p><ul><li>via libera alle fusioni transfrontaliere<\/li><li>meno ostacoli<\/li><li>legalizzazione <em>de facto<\/em> di una struttura di mercato con tre operatori<\/li><\/ul><p><strong>Il DNA, la riforma degli appalti e la riforma delle fusioni sono tre facce della stessa medaglia: una nuova Europa oligopolistica.<\/strong><\/p><p><a href=\"https:\/\/competition-policy.ec.europa.eu\/mergers\/review-merger-guidelines_en\"><strong>Visione d\u2019insieme sulla riforma del controllo delle concentrazioni<\/strong><\/a><\/p><p><a href=\"https:\/\/ec.europa.eu\/info\/law\/better-regulation\/have-your-say\/initiatives\/14596-Orientamenti-sulle-concentrazioni-revisione_it\"><strong>Invito a presentare contributi e consultazione generale<\/strong><\/a><\/p><p><a href=\"https:\/\/ec.europa.eu\/eusurvey\/runner\/6a440130-aff0-358f-8819-96eec9b176eb\"><strong>Consultazione mirata<\/strong><\/a><\/p><p>\u00a0<\/p><p>9. L'\"Agenda Meseberg\u201d franco-tedesca (Maggio 2024)<\/p><p class=\"translation-block\">Un manifesto congiunto di Francia e Germania che pone le <strong>basi politiche del DNA<\/strong>, per chiedere:<\/p><ul><li>la revisione delle norme sugli appalti pubblici per favorire i grandi operatori<\/li><li>allentamento dei controlli sulle fusioni nell'UE per consentire consolidamenti transfrontalieri<\/li><li>una governance centralizzata del settore delle telecomunicazioni<\/li><li>attacco coordinato alla frammentazione del mercato e all'autonomia nazionale<\/li><\/ul><p class=\"translation-block\">Questo documento rivela la <a href=\"https:\/\/www.politico.eu\/wp-content\/uploads\/2024\/05\/28\/28052024_Meseberg_Agenda_EU-competitivenessgrowth-.pdf\" target=\"_self\"><strong>volont\u00e0 politica di uccidere il pluralismo e di imporre un modello top-down, basato sull'oligopolio<\/strong><\/a>,  in tutta Europa.<\/p><p><strong><em>Esempio di questa mentalit\u00e0 e contesto politico: la spinta franco-tedesca verso mega-accordi in tutta Europa<\/em><\/strong><em><br \/>Come riportato da Politico il 28 maggio 2024 (<a href=\"https:\/\/link.aiip.it\/rwNAE\">https:\/\/link.aiip.it\/rwNAE<\/a>):<\/em><\/p><p><em>\u201cDobbiamo rivedere le attuali regole europee sulla concorrenza per verificare se possono consentire consorzi e consolidamenti in settori chiave come le reti mobili o lo spazio aereo, al fine di rafforzare la resistenza europea\u201d, affermano Francia e Germania.<\/em><\/p><p><em>Il DNA \u00e8 stato progettato per attuare esattamente questa visione nel settore delle telecomunicazioni.<\/em><\/p><p><strong><br \/>L'ATTACCO PI\u00d9 AMPIO: UN'INVERSIONE DI 180 GRADI DELL'AGENDA DIGITALE EUROPEA<\/strong><\/p><p class=\"translation-block\"><strong>Il DNA \u00e8 solo una parte di un attacco pi\u00f9 ampio e sistematico <\/strong>all'ecosistema Internet europeo, aperto, competitivo e democratico.<\/p><p><strong>Se non lo fermiamo, Internet in Europa sar\u00e0 controllata da una ristretta \u00e9lite politica e finanziaria<\/strong>.<\/p><p><strong><br \/>La legge sulle reti digitali non \u00e8 un'iniziativa isolata.<\/strong><br \/>\u00c8 solo un tassello di un attacco pi\u00f9 ampio e sistematico all'ecosistema Internet aperto, competitivo e democratico dell'Europa.<\/p><p><strong><br \/>Si tratta di una \u201cmanovra di accerchiamento\u201d coordinata:<\/strong><\/p><ul><li>una cosiddetta \u201criforma\u201d delle regole dell'Open Internet, progettata per uccidere la neutralit\u00e0 della rete<\/li><li>una revisione degli appalti pubblici, concepita per escludere gli attori nazionali e locali dai futuri contratti pubblici<\/li><li>una \u201criforma\u201d del controllo delle concentrazioni, che mira apertamente a legalizzare le mega-fusioni e a creare un oligopolio<\/li><li>e infine, il DNA stesso, come base legale per concentrare la propriet\u00e0 e il controllo delle infrastrutture<\/li><\/ul><p><strong>Si tratta di una radicale inversione di marcia di 180 gradi rispetto alla politica digitale europea degli ultimi 30 anni.<\/strong><\/p><p>Sta avvenendo sotto questa Commissione, in aperto contrasto con i valori europei di pluralismo, sussidiariet\u00e0 e concorrenza leale.<\/p><p class=\"translation-block\"><strong>Dobbiamo essere chiari:<\/strong><br><strong>Se questo piano avr\u00e0 successo, Internet in Europa sar\u00e0 controllato e monetizzato da pochi operatori<\/strong>, altamente finanziarizzati, lontano dalla responsabilit\u00e0 democratica.<\/p><p class=\"translation-block\"><strong>PERCH\u00c9 QUESTA \u00c8 UNA LOTTA PER GLI INTERESSI NAZIONALI<br><\/strong>In tutta Europa, ogni nazione ha costruito il proprio mercato ed ecosistema digitale.<br>Ogni nazione  ora deve difenderlo.<\/p><p>Non si tratta solo di operatori: \u00e8 in gioco la sovranit\u00e0, l'accessibilit\u00e0 economica, il pluralismo e la libert\u00e0 di scelta per i cittadini e le imprese.<\/p><p><strong>Il DNA e le sue \u201criforme\u201d gemelle imporrebbero un modello oligopolistico uguale per tutti, cancellando la diversit\u00e0 nazionale e minando i mercati locali.<\/strong><\/p><p><strong><br \/>Avevano promesso la \u201cmodernizzazione\u201d. Stanno consegnando una dittatura digitale.<\/strong><\/p><p><strong>D\u00ec NO. Ora.<\/strong><\/p>\t\t\t\t\t\t\t\t<\/div>\n\t\t\t\t\t<\/div>\n\t\t\t\t<\/div>\n\t\t\t\t<\/div>","protected":false},"excerpt":{"rendered":"<p>EU DOCUMENTS &amp; HIDDEN AGENDA The DNA is presented as a harmless &#8220;reform&#8221;.In reality, it is part of a broader strategy to concentrate power and erase 30 years of competition and sovereignty. Here we expose the key documents, reports and statements that reveal the true agenda behind the DNA. Read them. Spread the word. Understand [&hellip;]<\/p>","protected":false},"author":2,"featured_media":0,"parent":0,"menu_order":0,"comment_status":"closed","ping_status":"closed","template":"","meta":{"footnotes":""},"class_list":["post-249","page","type-page","status-publish","hentry"],"yoast_head":"<!-- This site is optimized with the Yoast SEO plugin v26.8 - https:\/\/yoast.com\/product\/yoast-seo-wordpress\/ -->\n<title>EU documents &amp; hidden agenda - StopDNA<\/title>\n<meta name=\"robots\" content=\"index, follow, max-snippet:-1, max-image-preview:large, max-video-preview:-1\" \/>\n<link rel=\"canonical\" href=\"https:\/\/stopdna.eu\/it\/eu-documents-hidden-agenda\/\" \/>\n<meta property=\"og:locale\" content=\"it_IT\" \/>\n<meta property=\"og:type\" content=\"article\" \/>\n<meta property=\"og:title\" content=\"EU documents &amp; hidden agenda - StopDNA\" \/>\n<meta property=\"og:description\" content=\"EU DOCUMENTS &amp; HIDDEN AGENDA The DNA is presented as a harmless &#8220;reform&#8221;.In reality, it is part of a broader strategy to concentrate power and erase 30 years of competition and sovereignty. Here we expose the key documents, reports and statements that reveal the true agenda behind the DNA. Read them. Spread the word. Understand [&hellip;]\" \/>\n<meta property=\"og:url\" content=\"https:\/\/stopdna.eu\/it\/eu-documents-hidden-agenda\/\" \/>\n<meta property=\"og:site_name\" content=\"StopDNA\" \/>\n<meta property=\"article:modified_time\" content=\"2025-06-13T14:24:12+00:00\" \/>\n<meta name=\"twitter:card\" content=\"summary_large_image\" \/>\n<meta name=\"twitter:label1\" content=\"Tempo di lettura stimato\" \/>\n\t<meta name=\"twitter:data1\" content=\"5 minuti\" \/>\n<script type=\"application\/ld+json\" class=\"yoast-schema-graph\">{\"@context\":\"https:\/\/schema.org\",\"@graph\":[{\"@type\":\"WebPage\",\"@id\":\"https:\/\/stopdna.eu\/eu-documents-hidden-agenda\/\",\"url\":\"https:\/\/stopdna.eu\/eu-documents-hidden-agenda\/\",\"name\":\"EU documents & hidden agenda - StopDNA\",\"isPartOf\":{\"@id\":\"https:\/\/stopdna.eu\/#website\"},\"datePublished\":\"2025-06-10T12:57:42+00:00\",\"dateModified\":\"2025-06-13T14:24:12+00:00\",\"breadcrumb\":{\"@id\":\"https:\/\/stopdna.eu\/eu-documents-hidden-agenda\/#breadcrumb\"},\"inLanguage\":\"it-IT\",\"potentialAction\":[{\"@type\":\"ReadAction\",\"target\":[\"https:\/\/stopdna.eu\/eu-documents-hidden-agenda\/\"]}]},{\"@type\":\"BreadcrumbList\",\"@id\":\"https:\/\/stopdna.eu\/eu-documents-hidden-agenda\/#breadcrumb\",\"itemListElement\":[{\"@type\":\"ListItem\",\"position\":1,\"name\":\"Home\",\"item\":\"https:\/\/stopdna.eu\/\"},{\"@type\":\"ListItem\",\"position\":2,\"name\":\"EU documents &#038; hidden agenda\"}]},{\"@type\":\"WebSite\",\"@id\":\"https:\/\/stopdna.eu\/#website\",\"url\":\"https:\/\/stopdna.eu\/\",\"name\":\"StopDNA\",\"description\":\"\",\"publisher\":{\"@id\":\"https:\/\/stopdna.eu\/#organization\"},\"potentialAction\":[{\"@type\":\"SearchAction\",\"target\":{\"@type\":\"EntryPoint\",\"urlTemplate\":\"https:\/\/stopdna.eu\/?s={search_term_string}\"},\"query-input\":{\"@type\":\"PropertyValueSpecification\",\"valueRequired\":true,\"valueName\":\"search_term_string\"}}],\"inLanguage\":\"it-IT\"},{\"@type\":\"Organization\",\"@id\":\"https:\/\/stopdna.eu\/#organization\",\"name\":\"StopDNA\",\"url\":\"https:\/\/stopdna.eu\/\",\"logo\":{\"@type\":\"ImageObject\",\"inLanguage\":\"it-IT\",\"@id\":\"https:\/\/stopdna.eu\/#\/schema\/logo\/image\/\",\"url\":\"https:\/\/stopdna.eu\/wp-content\/uploads\/2025\/06\/DNA_logo-272x300-1.png\",\"contentUrl\":\"https:\/\/stopdna.eu\/wp-content\/uploads\/2025\/06\/DNA_logo-272x300-1.png\",\"width\":1134,\"height\":1250,\"caption\":\"StopDNA\"},\"image\":{\"@id\":\"https:\/\/stopdna.eu\/#\/schema\/logo\/image\/\"}}]}<\/script>\n<!-- \/ Yoast SEO plugin. -->","yoast_head_json":{"title":"EU documents & hidden agenda - StopDNA","robots":{"index":"index","follow":"follow","max-snippet":"max-snippet:-1","max-image-preview":"max-image-preview:large","max-video-preview":"max-video-preview:-1"},"canonical":"https:\/\/stopdna.eu\/it\/eu-documents-hidden-agenda\/","og_locale":"it_IT","og_type":"article","og_title":"EU documents & hidden agenda - StopDNA","og_description":"EU DOCUMENTS &amp; HIDDEN AGENDA The DNA is presented as a harmless &#8220;reform&#8221;.In reality, it is part of a broader strategy to concentrate power and erase 30 years of competition and sovereignty. Here we expose the key documents, reports and statements that reveal the true agenda behind the DNA. Read them. Spread the word. Understand [&hellip;]","og_url":"https:\/\/stopdna.eu\/it\/eu-documents-hidden-agenda\/","og_site_name":"StopDNA","article_modified_time":"2025-06-13T14:24:12+00:00","twitter_card":"summary_large_image","twitter_misc":{"Tempo di lettura stimato":"5 minuti"},"schema":{"@context":"https:\/\/schema.org","@graph":[{"@type":"WebPage","@id":"https:\/\/stopdna.eu\/eu-documents-hidden-agenda\/","url":"https:\/\/stopdna.eu\/eu-documents-hidden-agenda\/","name":"EU documents & hidden agenda - StopDNA","isPartOf":{"@id":"https:\/\/stopdna.eu\/#website"},"datePublished":"2025-06-10T12:57:42+00:00","dateModified":"2025-06-13T14:24:12+00:00","breadcrumb":{"@id":"https:\/\/stopdna.eu\/eu-documents-hidden-agenda\/#breadcrumb"},"inLanguage":"it-IT","potentialAction":[{"@type":"ReadAction","target":["https:\/\/stopdna.eu\/eu-documents-hidden-agenda\/"]}]},{"@type":"BreadcrumbList","@id":"https:\/\/stopdna.eu\/eu-documents-hidden-agenda\/#breadcrumb","itemListElement":[{"@type":"ListItem","position":1,"name":"Home","item":"https:\/\/stopdna.eu\/"},{"@type":"ListItem","position":2,"name":"EU documents &#038; hidden agenda"}]},{"@type":"WebSite","@id":"https:\/\/stopdna.eu\/#website","url":"https:\/\/stopdna.eu\/","name":"StopDNA","description":"","publisher":{"@id":"https:\/\/stopdna.eu\/#organization"},"potentialAction":[{"@type":"SearchAction","target":{"@type":"EntryPoint","urlTemplate":"https:\/\/stopdna.eu\/?s={search_term_string}"},"query-input":{"@type":"PropertyValueSpecification","valueRequired":true,"valueName":"search_term_string"}}],"inLanguage":"it-IT"},{"@type":"Organization","@id":"https:\/\/stopdna.eu\/#organization","name":"StopDNA","url":"https:\/\/stopdna.eu\/","logo":{"@type":"ImageObject","inLanguage":"it-IT","@id":"https:\/\/stopdna.eu\/#\/schema\/logo\/image\/","url":"https:\/\/stopdna.eu\/wp-content\/uploads\/2025\/06\/DNA_logo-272x300-1.png","contentUrl":"https:\/\/stopdna.eu\/wp-content\/uploads\/2025\/06\/DNA_logo-272x300-1.png","width":1134,"height":1250,"caption":"StopDNA"},"image":{"@id":"https:\/\/stopdna.eu\/#\/schema\/logo\/image\/"}}]}},"_links":{"self":[{"href":"https:\/\/stopdna.eu\/it\/wp-json\/wp\/v2\/pages\/249","targetHints":{"allow":["GET"]}}],"collection":[{"href":"https:\/\/stopdna.eu\/it\/wp-json\/wp\/v2\/pages"}],"about":[{"href":"https:\/\/stopdna.eu\/it\/wp-json\/wp\/v2\/types\/page"}],"author":[{"embeddable":true,"href":"https:\/\/stopdna.eu\/it\/wp-json\/wp\/v2\/users\/2"}],"replies":[{"embeddable":true,"href":"https:\/\/stopdna.eu\/it\/wp-json\/wp\/v2\/comments?post=249"}],"version-history":[{"count":79,"href":"https:\/\/stopdna.eu\/it\/wp-json\/wp\/v2\/pages\/249\/revisions"}],"predecessor-version":[{"id":1162,"href":"https:\/\/stopdna.eu\/it\/wp-json\/wp\/v2\/pages\/249\/revisions\/1162"}],"wp:attachment":[{"href":"https:\/\/stopdna.eu\/it\/wp-json\/wp\/v2\/media?parent=249"}],"curies":[{"name":"wp","href":"https:\/\/api.w.org\/{rel}","templated":true}]}}